{"id":1736,"date":"2023-11-15T14:29:47","date_gmt":"2023-11-15T13:29:47","guid":{"rendered":"https:\/\/tiskarnalancov.cz\/?page_id=1736"},"modified":"2023-11-21T09:58:08","modified_gmt":"2023-11-21T08:58:08","slug":"dtf","status":"publish","type":"page","link":"https:\/\/tiskarnalancov.cz\/de\/dtf\/","title":{"rendered":"DTF"},"content":{"rendered":"\t\t<div data-elementor-type=\"wp-page\" data-elementor-id=\"1736\" class=\"elementor elementor-1736\">\n\t\t\t\t\t\t<section class=\"elementor-section elementor-top-section elementor-element elementor-element-04cb3f6 elementor-section-boxed elementor-section-height-default elementor-section-height-default\" data-id=\"04cb3f6\" data-element_type=\"section\">\n\t\t\t\t\t\t<div class=\"elementor-container elementor-column-gap-default\">\n\t\t\t\t\t<div class=\"elementor-column elementor-col-100 elementor-top-column elementor-element elementor-element-bdc8104\" data-id=\"bdc8104\" data-element_type=\"column\">\n\t\t\t<div class=\"elementor-widget-wrap elementor-element-populated\">\n\t\t\t\t\t\t<div class=\"elementor-element elementor-element-d786386 elementor-widget elementor-widget-heading\" data-id=\"d786386\" data-element_type=\"widget\" data-widget_type=\"heading.default\">\n\t\t\t\t<div class=\"elementor-widget-container\">\n\t\t\t<style>\/*! elementor - v3.20.0 - 20-03-2024 *\/\n.elementor-heading-title{padding:0;margin:0;line-height:1}.elementor-widget-heading .elementor-heading-title[class*=elementor-size-]>a{color:inherit;font-size:inherit;line-height:inherit}.elementor-widget-heading .elementor-heading-title.elementor-size-small{font-size:15px}.elementor-widget-heading .elementor-heading-title.elementor-size-medium{font-size:19px}.elementor-widget-heading .elementor-heading-title.elementor-size-large{font-size:29px}.elementor-widget-heading .elementor-heading-title.elementor-size-xl{font-size:39px}.elementor-widget-heading .elementor-heading-title.elementor-size-xxl{font-size:59px}<\/style><h2 class=\"elementor-heading-title elementor-size-default\">TECHNOLOGIE DTF<\/h2>\t\t<\/div>\n\t\t\t\t<\/div>\n\t\t\t\t\t<\/div>\n\t\t<\/div>\n\t\t\t\t\t<\/div>\n\t\t<\/section>\n\t\t\t\t<section class=\"elementor-section elementor-top-section elementor-element elementor-element-f95bcad elementor-section-boxed elementor-section-height-default elementor-section-height-default\" data-id=\"f95bcad\" data-element_type=\"section\">\n\t\t\t\t\t\t<div class=\"elementor-container elementor-column-gap-default\">\n\t\t\t\t\t<div class=\"elementor-column elementor-col-100 elementor-top-column elementor-element elementor-element-22f2996\" data-id=\"22f2996\" data-element_type=\"column\">\n\t\t\t<div class=\"elementor-widget-wrap elementor-element-populated\">\n\t\t\t\t\t\t<div class=\"elementor-element elementor-element-3dc1144 elementor-widget elementor-widget-text-editor\" data-id=\"3dc1144\" data-element_type=\"widget\" data-widget_type=\"text-editor.default\">\n\t\t\t\t<div class=\"elementor-widget-container\">\n\t\t\t<style>\/*! elementor - v3.20.0 - 20-03-2024 *\/\n.elementor-widget-text-editor.elementor-drop-cap-view-stacked .elementor-drop-cap{background-color:#69727d;color:#fff}.elementor-widget-text-editor.elementor-drop-cap-view-framed .elementor-drop-cap{color:#69727d;border:3px solid;background-color:transparent}.elementor-widget-text-editor:not(.elementor-drop-cap-view-default) .elementor-drop-cap{margin-top:8px}.elementor-widget-text-editor:not(.elementor-drop-cap-view-default) .elementor-drop-cap-letter{width:1em;height:1em}.elementor-widget-text-editor .elementor-drop-cap{float:left;text-align:center;line-height:1;font-size:50px}.elementor-widget-text-editor .elementor-drop-cap-letter{display:inline-block}<\/style>\t\t\t\t<p><b>Toto je inovativn\u00ed technologie potisku textilu, kter\u00e1 otev\u00edr\u00e1 nov\u00e9 mo\u017enosti za velmi p\u0159ijateln\u00e9 ceny. Dnes ji\u017e m\u016f\u017ee kdokoli snadno tisknout na bavlnu, ani\u017e by pot\u0159eboval drah\u00e9 a rozs\u00e1hl\u00e9 tisk\u00e1rny, kter\u00e9 vy\u017eadovaly pe\u010dlivou \u00fadr\u017ebu a v p\u0159\u00edpad\u011b zanedb\u00e1n\u00ed mohly zna\u010dn\u011b zv\u00fd\u0161it n\u00e1klady.<\/b><\/p>\n<p>Tato \u0161k\u00e1lovateln\u00e1 technologie umo\u017e\u0148uje tisk od form\u00e1tu A4 a\u017e po velkoform\u00e1tov\u00fd tisk o \u0161\u00ed\u0159ce 1 metru a v\u00edce, podle pot\u0159eby. Pou\u017e\u00edv\u00e1 \u010dty\u0159i z\u00e1kladn\u00ed barvy CMYK a tak\u00e9 b\u00edlou barvu. Plnobarevn\u00fd tisk libovoln\u00e9ho tvaru je mo\u017en\u00fd bez nutnosti vy\u0159ez\u00e1v\u00e1n\u00ed grafiky plotrem, co\u017e eliminuje omezen\u00ed tvar\u016f a zjednodu\u0161uje proces. Stejn\u011b tak nen\u00ed omezena paleta barev, a tisknete bez pot\u0159eby p\u0159em\u00fd\u0161let o po\u010dtu barev.<\/p>\n<p>Cel\u00fd postup tisku je velmi jednoduch\u00fd: nejprve se grafika zrcadlov\u011b vytiskne na f\u00f3lii, p\u0159i\u010dem\u017e lze nastavit sytost barev a b\u00edl\u00e9. Pro \u00fasporu n\u00e1klad\u016f lze b\u00edlou tisknout gradientem nebo sn\u00ed\u017eit b\u00edlou p\u0159i tisku na sv\u011btl\u00e9 materi\u00e1ly.<\/p>\n<p>Pot\u00e9, co je grafika vytisknuta, nech\u00e1te ji chv\u00edli odpo\u010dinout a posypete pr\u00e1\u0161kem. N\u00e1sledn\u011b sta\u010d\u00ed p\u0159ebyte\u010dn\u00fd pr\u00e1\u0161ek opatrn\u011b odstranit pro dal\u0161\u00ed pou\u017eit\u00ed.<\/p>\n<p>F\u00f3lie s pr\u00e1\u0161kem se pot\u00e9 dosu\u0161\u00ed. Nejvhodn\u011bj\u0161\u00ed postup je podlo\u017eit ji pod rozeh\u0159\u00e1t\u00fd lis, lehce ji p\u0159iklopit a su\u0161it po dobu 180 sekund p\u0159i teplot\u011b 165 stup\u0148\u016f Celsia. Pokud je su\u0161en\u00ed v lisu p\u0159\u00edli\u0161 zdlouhav\u00e9, lze pou\u017e\u00edt troubu nebo dal\u0161\u00ed levn\u00fd oto\u010dn\u00fd lis ur\u010den\u00fd pouze k su\u0161en\u00ed.<\/p>\n<p>Po dosu\u0161en\u00ed sta\u010d\u00ed p\u0159en\u00e9st f\u00f3lii na p\u0159edm\u011bt, kter\u00fd m\u00e1te v pl\u00e1nu potisknout, a pokra\u010dovat v procesu. V\u00fdsledek je skv\u011bl\u00fd a odoln\u00fd v\u016f\u010di pran\u00ed. Mnoho krok\u016f je intuitivn\u00edch a proces samotn\u00fd je rychl\u00fd a snadn\u00fd.<\/p>\t\t\t\t\t\t<\/div>\n\t\t\t\t<\/div>\n\t\t\t\t\t<\/div>\n\t\t<\/div>\n\t\t\t\t\t<\/div>\n\t\t<\/section>\n\t\t\t\t<section class=\"elementor-section elementor-top-section elementor-element elementor-element-a6b779a elementor-section-boxed elementor-section-height-default elementor-section-height-default\" data-id=\"a6b779a\" data-element_type=\"section\">\n\t\t\t\t\t\t<div class=\"elementor-container elementor-column-gap-default\">\n\t\t\t\t\t<div class=\"elementor-column elementor-col-100 elementor-top-column elementor-element elementor-element-af25944\" data-id=\"af25944\" data-element_type=\"column\">\n\t\t\t<div class=\"elementor-widget-wrap elementor-element-populated\">\n\t\t\t\t\t\t<div class=\"elementor-element elementor-element-541075c elementor-arrows-position-inside elementor-pagination-position-outside elementor-widget elementor-widget-image-carousel\" data-id=\"541075c\" data-element_type=\"widget\" data-settings=\"{&quot;navigation&quot;:&quot;both&quot;,&quot;autoplay&quot;:&quot;yes&quot;,&quot;pause_on_hover&quot;:&quot;yes&quot;,&quot;pause_on_interaction&quot;:&quot;yes&quot;,&quot;autoplay_speed&quot;:5000,&quot;infinite&quot;:&quot;yes&quot;,&quot;speed&quot;:500}\" data-widget_type=\"image-carousel.default\">\n\t\t\t\t<div class=\"elementor-widget-container\">\n\t\t\t<style>\/*! elementor - v3.20.0 - 20-03-2024 *\/\n.elementor-widget-image-carousel .swiper,.elementor-widget-image-carousel .swiper-container{position:static}.elementor-widget-image-carousel .swiper-container .swiper-slide figure,.elementor-widget-image-carousel .swiper .swiper-slide figure{line-height:inherit}.elementor-widget-image-carousel .swiper-slide{text-align:center}.elementor-image-carousel-wrapper:not(.swiper-container-initialized):not(.swiper-initialized) .swiper-slide{max-width:calc(100% \/ var(--e-image-carousel-slides-to-show, 3))}<\/style>\t\t<div class=\"elementor-image-carousel-wrapper swiper\" dir=\"ltr\">\n\t\t\t<div class=\"elementor-image-carousel swiper-wrapper\" aria-live=\"off\">\n\t\t\t\t\t\t\t\t<div class=\"swiper-slide\" role=\"group\" aria-roledescription=\"slide\" aria-label=\"1 of 3\"><a data-elementor-open-lightbox=\"yes\" data-elementor-lightbox-slideshow=\"541075c\" data-e-action-hash=\"#elementor-action%3Aaction%3Dlightbox%26settings%3DeyJpZCI6MTUzMiwidXJsIjoiaHR0cHM6XC9cL3Rpc2thcm5hbGFuY292LmN6XC93cC1jb250ZW50XC91cGxvYWRzXC8yMDIzXC8wOVwvc2l0b3Rpc2stMS5qcGcud2VicCIsInNsaWRlc2hvdyI6IjU0MTA3NWMifQ%3D%3D\" href=\"https:\/\/tiskarnalancov.cz\/wp-content\/uploads\/2023\/09\/sitotisk-1.jpg.webp\"><figure class=\"swiper-slide-inner\"><img decoding=\"async\" class=\"swiper-slide-image lazyload\" data-src=\"https:\/\/tiskarnalancov.cz\/wp-content\/uploads\/2023\/09\/sitotisk-1.jpg-300x200.webp\" alt=\"S\u00edtotisk ve Znojm\u011b. Jsme Tisk\u00e1rna Lan\u010dov\" src=\"data:image\/svg+xml;base64,PHN2ZyB3aWR0aD0iMSIgaGVpZ2h0PSIxIiB4bWxucz0iaHR0cDovL3d3dy53My5vcmcvMjAwMC9zdmciPjwvc3ZnPg==\" style=\"--smush-placeholder-width: 300px; --smush-placeholder-aspect-ratio: 300\/200;\" \/><\/figure><\/a><\/div><div class=\"swiper-slide\" role=\"group\" aria-roledescription=\"slide\" aria-label=\"2 of 3\"><a data-elementor-open-lightbox=\"yes\" data-elementor-lightbox-slideshow=\"541075c\" data-e-action-hash=\"#elementor-action%3Aaction%3Dlightbox%26settings%3DeyJpZCI6MTUzMSwidXJsIjoiaHR0cHM6XC9cL3Rpc2thcm5hbGFuY292LmN6XC93cC1jb250ZW50XC91cGxvYWRzXC8yMDIzXC8wOVwvT1NDQUxfMjAxN19zaWxrc2NyZWVuX3ByaW50ZWRfbWF0ZXJpYWxzXzI2LmpwZyIsInNsaWRlc2hvdyI6IjU0MTA3NWMifQ%3D%3D\" href=\"https:\/\/tiskarnalancov.cz\/wp-content\/uploads\/2023\/09\/OSCAL_2017_silkscreen_printed_materials_26.jpg\"><figure class=\"swiper-slide-inner\"><img decoding=\"async\" class=\"swiper-slide-image lazyload\" data-src=\"https:\/\/tiskarnalancov.cz\/wp-content\/uploads\/2023\/09\/OSCAL_2017_silkscreen_printed_materials_26-300x200.jpg\" alt=\"OSCAL_2017_silkscreen_printed_materials_26\" src=\"data:image\/svg+xml;base64,PHN2ZyB3aWR0aD0iMSIgaGVpZ2h0PSIxIiB4bWxucz0iaHR0cDovL3d3dy53My5vcmcvMjAwMC9zdmciPjwvc3ZnPg==\" style=\"--smush-placeholder-width: 300px; --smush-placeholder-aspect-ratio: 300\/200;\" \/><\/figure><\/a><\/div><div class=\"swiper-slide\" role=\"group\" aria-roledescription=\"slide\" aria-label=\"3 of 3\"><a data-elementor-open-lightbox=\"yes\" data-elementor-lightbox-slideshow=\"541075c\" data-e-action-hash=\"#elementor-action%3Aaction%3Dlightbox%26settings%3DeyJpZCI6MTUzMCwidXJsIjoiaHR0cHM6XC9cL3Rpc2thcm5hbGFuY292LmN6XC93cC1jb250ZW50XC91cGxvYWRzXC8yMDIzXC8wOVwvbW9kdWxhcjIuanBnIiwic2xpZGVzaG93IjoiNTQxMDc1YyJ9\" href=\"https:\/\/tiskarnalancov.cz\/wp-content\/uploads\/2023\/09\/modular2.jpg\"><figure class=\"swiper-slide-inner\"><img decoding=\"async\" class=\"swiper-slide-image lazyload\" data-src=\"https:\/\/tiskarnalancov.cz\/wp-content\/uploads\/2023\/09\/modular2-300x225.jpg\" alt=\"V\u00fd\u0161ivky pro Znojmo a okol\u00ed ji\u017e od jednoho kusu. Jsme Tisk\u00e1rna Lan\u010dov\" src=\"data:image\/svg+xml;base64,PHN2ZyB3aWR0aD0iMSIgaGVpZ2h0PSIxIiB4bWxucz0iaHR0cDovL3d3dy53My5vcmcvMjAwMC9zdmciPjwvc3ZnPg==\" style=\"--smush-placeholder-width: 300px; --smush-placeholder-aspect-ratio: 300\/225;\" \/><\/figure><\/a><\/div>\t\t\t<\/div>\n\t\t\t\t\t\t\t\t\t\t\t\t<div class=\"elementor-swiper-button elementor-swiper-button-prev\" role=\"button\" tabindex=\"0\">\n\t\t\t\t\t\t<i aria-hidden=\"true\" class=\"eicon-chevron-left\"><\/i>\t\t\t\t\t<\/div>\n\t\t\t\t\t<div class=\"elementor-swiper-button elementor-swiper-button-next\" role=\"button\" tabindex=\"0\">\n\t\t\t\t\t\t<i aria-hidden=\"true\" class=\"eicon-chevron-right\"><\/i>\t\t\t\t\t<\/div>\n\t\t\t\t\n\t\t\t\t\t\t\t\t\t<div class=\"swiper-pagination\"><\/div>\n\t\t\t\t\t\t\t\t\t<\/div>\n\t\t\t\t<\/div>\n\t\t\t\t<\/div>\n\t\t\t\t\t<\/div>\n\t\t<\/div>\n\t\t\t\t\t<\/div>\n\t\t<\/section>\n\t\t\t\t<section class=\"elementor-section elementor-top-section elementor-element elementor-element-8959f73 elementor-section-boxed elementor-section-height-default elementor-section-height-default\" data-id=\"8959f73\" data-element_type=\"section\">\n\t\t\t\t\t\t<div class=\"elementor-container elementor-column-gap-default\">\n\t\t\t\t\t<div class=\"elementor-column elementor-col-100 elementor-top-column elementor-element elementor-element-23561a5\" data-id=\"23561a5\" data-element_type=\"column\">\n\t\t\t<div class=\"elementor-widget-wrap elementor-element-populated\">\n\t\t\t\t\t\t<div class=\"elementor-element elementor-element-f349a86 elementor-widget elementor-widget-wpforms\" data-id=\"f349a86\" data-element_type=\"widget\" data-widget_type=\"wpforms.default\">\n\t\t\t\t<div class=\"elementor-widget-container\">\n\t\t\t<div class=\"wpforms-container \" id=\"wpforms-1446\"><form id=\"wpforms-form-1446\" class=\"wpforms-validate wpforms-form\" data-formid=\"1446\" method=\"post\" enctype=\"multipart\/form-data\" action=\"\/de\/wp-json\/wp\/v2\/pages\/1736\" data-token=\"3f5b55fd50534b3a29ad5facc80f8d74\" data-token-time=\"1777718261\"><noscript class=\"wpforms-error-noscript\">Please enable JavaScript in your browser to complete this form.<\/noscript><div class=\"wpforms-field-container\"><div id=\"wpforms-1446-field_0-container\" class=\"wpforms-field wpforms-field-name\" data-field-id=\"0\"><label class=\"wpforms-field-label wpforms-label-hide\" for=\"wpforms-1446-field_0\">Jm\u00e9no<\/label><div class=\"wpforms-field-row wpforms-field-large\"><div class=\"wpforms-field-row-block wpforms-first wpforms-one-half\"><input type=\"text\" id=\"wpforms-1446-field_0\" class=\"wpforms-field-name-first\" name=\"wpforms[fields][0][first]\" placeholder=\"Jm\u00e9no\" ><label for=\"wpforms-1446-field_0\" class=\"wpforms-field-sublabel after wpforms-sublabel-hide\">First<\/label><\/div><div class=\"wpforms-field-row-block wpforms-one-half\"><input type=\"text\" id=\"wpforms-1446-field_0-last\" class=\"wpforms-field-name-last\" name=\"wpforms[fields][0][last]\" placeholder=\"P\u0159\u00edjmen\u00ed\" ><label for=\"wpforms-1446-field_0-last\" class=\"wpforms-field-sublabel after wpforms-sublabel-hide\">Last<\/label><\/div><\/div><\/div><div id=\"wpforms-1446-field_1-container\" class=\"wpforms-field wpforms-field-email\" data-field-id=\"1\"><label class=\"wpforms-field-label wpforms-label-hide\" for=\"wpforms-1446-field_1\">Email<\/label><input type=\"email\" id=\"wpforms-1446-field_1\" class=\"wpforms-field-large\" name=\"wpforms[fields][1]\" placeholder=\"Zde zadejte svoj\u00ed emailovou adresu\" spellcheck=\"false\" ><\/div><div id=\"wpforms-1446-field_2-container\" class=\"wpforms-field wpforms-field-textarea\" data-field-id=\"2\"><label class=\"wpforms-field-label wpforms-label-hide\" for=\"wpforms-1446-field_2\">Popt\u00e1vka<\/label><textarea id=\"wpforms-1446-field_2\" class=\"wpforms-field-large\" name=\"wpforms[fields][2]\" placeholder=\"R\u00e1d bych si nechal vyrobit 20ks tri\u010dek s potiskem\" ><\/textarea><\/div><\/div><!-- .wpforms-field-container --><div class=\"wpforms-submit-container\" ><input type=\"hidden\" name=\"wpforms[id]\" value=\"1446\"><input type=\"hidden\" name=\"page_title\" value=\"\"><input type=\"hidden\" name=\"page_url\" value=\"https:\/\/tiskarnalancov.cz\/de\/wp-json\/wp\/v2\/pages\/1736\"><input type=\"hidden\" name=\"url_referer\" value=\"\"><button type=\"submit\" name=\"wpforms[submit]\" id=\"wpforms-submit-1446\" class=\"wpforms-submit\" data-alt-text=\"Odes\u00edl\u00e1n\u00ed...\" data-submit-text=\"Odeslat popt\u00e1vku\" aria-live=\"assertive\" value=\"wpforms-submit\">Odeslat popt\u00e1vku<\/button><\/div><\/form><\/div>  <!-- .wpforms-container -->\t\t<\/div>\n\t\t\t\t<\/div>\n\t\t\t\t\t<\/div>\n\t\t<\/div>\n\t\t\t\t\t<\/div>\n\t\t<\/section>\n\t\t\t\t<\/div>\n\t\t","protected":false},"excerpt":{"rendered":"<p>TECHNOLOGIE DTF Toto je inovativn\u00ed technologie potisku textilu, kter\u00e1 otev\u00edr\u00e1 nov\u00e9 mo\u017enosti za velmi p\u0159ijateln\u00e9 ceny. Dnes ji\u017e m\u016f\u017ee kdokoli snadno tisknout na bavlnu, ani\u017e by pot\u0159eboval drah\u00e9 a rozs\u00e1hl\u00e9 tisk\u00e1rny, kter\u00e9 vy\u017eadovaly pe\u010dlivou \u00fadr\u017ebu a v p\u0159\u00edpad\u011b zanedb\u00e1n\u00ed mohly zna\u010dn\u011b zv\u00fd\u0161it n\u00e1klady. Tato \u0161k\u00e1lovateln\u00e1 technologie umo\u017e\u0148uje tisk od form\u00e1tu A4 a\u017e po velkoform\u00e1tov\u00fd tisk &hellip;<\/p>\n<p class=\"read-more\"> <a class=\"\" href=\"https:\/\/tiskarnalancov.cz\/de\/dtf\/\"> <span class=\"screen-reader-text\">DTF<\/span> Read More &raquo;<\/a><\/p>","protected":false},"author":1,"featured_media":0,"parent":0,"menu_order":0,"comment_status":"closed","ping_status":"closed","template":"","meta":{"site-sidebar-layout":"no-sidebar","site-content-layout":"page-builder","ast-site-content-layout":"full-width-container","site-content-style":"default","site-sidebar-style":"default","ast-global-header-display":"","ast-banner-title-visibility":"","ast-main-header-display":"","ast-hfb-above-header-display":"","ast-hfb-below-header-display":"","ast-hfb-mobile-header-display":"","site-post-title":"disabled","ast-breadcrumbs-content":"","ast-featured-img":"disabled","footer-sml-layout":"","theme-transparent-header-meta":"","adv-header-id-meta":"","stick-header-meta":"","header-above-stick-meta":"","header-main-stick-meta":"","header-below-stick-meta":"","astra-migrate-meta-layouts":"set","ast-page-background-enabled":"default","ast-page-background-meta":{"desktop":{"background-color":"","background-image":"","background-repeat":"repeat","background-position":"center center","background-size":"auto","background-attachment":"scroll","background-type":"","background-media":"","overlay-type":"","overlay-color":"","overlay-gradient":""},"tablet":{"background-color":"","background-image":"","background-repeat":"repeat","background-position":"center center","background-size":"auto","background-attachment":"scroll","background-type":"","background-media":"","overlay-type":"","overlay-color":"","overlay-gradient":""},"mobile":{"background-color":"","background-image":"","background-repeat":"repeat","background-position":"center center","background-size":"auto","background-attachment":"scroll","background-type":"","background-media":"","overlay-type":"","overlay-color":"","overlay-gradient":""}},"ast-content-background-meta":{"desktop":{"background-color":"var(--ast-global-color-5)","background-image":"","background-repeat":"repeat","background-position":"center center","background-size":"auto","background-attachment":"scroll","background-type":"","background-media":"","overlay-type":"","overlay-color":"","overlay-gradient":""},"tablet":{"background-color":"var(--ast-global-color-5)","background-image":"","background-repeat":"repeat","background-position":"center center","background-size":"auto","background-attachment":"scroll","background-type":"","background-media":"","overlay-type":"","overlay-color":"","overlay-gradient":""},"mobile":{"background-color":"var(--ast-global-color-5)","background-image":"","background-repeat":"repeat","background-position":"center center","background-size":"auto","background-attachment":"scroll","background-type":"","background-media":"","overlay-type":"","overlay-color":"","overlay-gradient":""}},"footnotes":""},"_links":{"self":[{"href":"https:\/\/tiskarnalancov.cz\/de\/wp-json\/wp\/v2\/pages\/1736"}],"collection":[{"href":"https:\/\/tiskarnalancov.cz\/de\/wp-json\/wp\/v2\/pages"}],"about":[{"href":"https:\/\/tiskarnalancov.cz\/de\/wp-json\/wp\/v2\/types\/page"}],"author":[{"embeddable":true,"href":"https:\/\/tiskarnalancov.cz\/de\/wp-json\/wp\/v2\/users\/1"}],"replies":[{"embeddable":true,"href":"https:\/\/tiskarnalancov.cz\/de\/wp-json\/wp\/v2\/comments?post=1736"}],"version-history":[{"count":28,"href":"https:\/\/tiskarnalancov.cz\/de\/wp-json\/wp\/v2\/pages\/1736\/revisions"}],"predecessor-version":[{"id":1813,"href":"https:\/\/tiskarnalancov.cz\/de\/wp-json\/wp\/v2\/pages\/1736\/revisions\/1813"}],"wp:attachment":[{"href":"https:\/\/tiskarnalancov.cz\/de\/wp-json\/wp\/v2\/media?parent=1736"}],"curies":[{"name":"wp","href":"https:\/\/api.w.org\/{rel}","templated":true}]}}